{"id":232,"date":"2025-02-09T11:11:06","date_gmt":"2025-02-09T10:11:06","guid":{"rendered":"https:\/\/ancrebleue.com\/?page_id=232"},"modified":"2025-02-09T11:12:20","modified_gmt":"2025-02-09T10:12:20","slug":"politique-de-confidentialite-2","status":"publish","type":"page","link":"https:\/\/ancrebleue.com\/index.php\/politique-de-confidentialite-2\/","title":{"rendered":"Politique de Confidentialit\u00e9"},"content":{"rendered":"\t\t<div data-elementor-type=\"wp-page\" data-elementor-id=\"232\" class=\"elementor elementor-232\">\n\t\t\t\t<div class=\"elementor-element elementor-element-8f998af e-flex e-con-boxed wpr-particle-no wpr-jarallax-no wpr-parallax-no wpr-sticky-section-no wpr-equal-height-no e-con e-parent\" data-id=\"8f998af\" data-element_type=\"container\" data-e-type=\"container\">\n\t\t\t\t\t<div class=\"e-con-inner\">\n\t\t\t\t<div class=\"elementor-element elementor-element-52ede1a elementor-widget elementor-widget-text-editor\" data-id=\"52ede1a\" data-element_type=\"widget\" data-e-type=\"widget\" data-widget_type=\"text-editor.default\">\n\t\t\t\t<div class=\"elementor-widget-container\">\n\t\t\t\t\t\t\t\t\t<h2><strong>1. Introduction<\/strong><\/h2><p>La pr\u00e9sente politique de confidentialit\u00e9 a pour objectif d\u2019informer les utilisateurs du site https:\/\/ancrebleue.com\/ sur la collecte, l\u2019utilisation et la protection de leurs donn\u00e9es personnelles. En utilisant notre site, vous acceptez les pratiques d\u00e9crites ci-dessous.<\/p><h2><strong>2. Donn\u00e9es collect\u00e9es<\/strong><\/h2><p>Nous collectons certaines informations lorsque vous utilisez notre site, notamment :<\/p><ul><li><strong>Donn\u00e9es fournies volontairement<\/strong> : Nom, pr\u00e9nom, adresse e-mail et num\u00e9ro de t\u00e9l\u00e9phone lorsque vous nous contactez via le formulaire.<\/li><li><strong>Donn\u00e9es techniques<\/strong> : Adresse IP, type de navigateur, pages visit\u00e9es et temps de connexion, recueillies via des cookies.<\/li><\/ul><h2><strong>3. Finalit\u00e9 de la collecte des donn\u00e9es<\/strong><\/h2><p>Les donn\u00e9es collect\u00e9es sont utilis\u00e9es pour :<br \/>\u2714 R\u00e9pondre \u00e0 vos demandes via le formulaire de contact.<br \/>\u2714 Am\u00e9liorer votre exp\u00e9rience utilisateur sur notre site.<br \/>\u2714 Assurer le bon fonctionnement et la s\u00e9curit\u00e9 du site.<\/p><h2><strong>4. Cookies et technologies de suivi<\/strong><\/h2><p>Notre site utilise des cookies pour analyser l\u2019audience et optimiser votre navigation. Vous pouvez modifier vos pr\u00e9f\u00e9rences en mati\u00e8re de cookies dans les param\u00e8tres de votre navigateur.<\/p><h2><strong>5. Partage des donn\u00e9es<\/strong><\/h2><p>Vos donn\u00e9es ne sont <strong>ni vendues, ni \u00e9chang\u00e9es<\/strong>, ni partag\u00e9es avec des tiers, sauf obligation l\u00e9gale ou n\u00e9cessit\u00e9 technique (h\u00e9bergement du site, outils d\u2019analyse).<\/p><h2><strong>6. S\u00e9curit\u00e9 des donn\u00e9es<\/strong><\/h2><p>Nous mettons en place des mesures de s\u00e9curit\u00e9 adapt\u00e9es pour prot\u00e9ger vos informations contre toute perte, acc\u00e8s non autoris\u00e9 ou modification.<\/p><h2><strong>7. Vos droits<\/strong><\/h2><p>Conform\u00e9ment au RGPD, vous disposez des droits suivants :<br \/>\u2714 <strong>Acc\u00e8s et rectification<\/strong> : Modifier ou supprimer vos informations personnelles.<br \/>\u2714 <strong>Opposition et limitation<\/strong> : Vous pouvez refuser l\u2019utilisation de certaines donn\u00e9es.<br \/>\u2714 <strong>Portabilit\u00e9<\/strong> : Demander une copie de vos donn\u00e9es sous format \u00e9lectronique.<\/p><p>\ud83d\udce9 Pour exercer ces droits, contactez-nous \u00e0 <b>infos@ancrebleue.fr<\/b><\/p><h2>\u00a0<\/h2>\t\t\t\t\t\t\t\t<\/div>\n\t\t\t\t<\/div>\n\t\t\t\t\t<\/div>\n\t\t\t\t<\/div>\n\t\t\t\t<\/div>\n\t\t","protected":false},"excerpt":{"rendered":"<p>1. Introduction La pr\u00e9sente politique de confidentialit\u00e9 a pour objectif d\u2019informer les utilisateurs du site https:\/\/ancrebleue.com\/ sur la collecte, l\u2019utilisation et la protection de leurs donn\u00e9es personnelles. En utilisant notre site, vous acceptez les pratiques d\u00e9crites ci-dessous. 2. Donn\u00e9es collect\u00e9es Nous collectons certaines informations lorsque vous utilisez notre site, notamment : Donn\u00e9es fournies volontairement : Nom, pr\u00e9nom, adresse e-mail et num\u00e9ro de t\u00e9l\u00e9phone lorsque vous nous contactez via le formulaire. Donn\u00e9es techniques : Adresse IP, type de navigateur, pages visit\u00e9es et temps de connexion, recueillies via des cookies. 3. Finalit\u00e9 de la collecte des donn\u00e9es Les donn\u00e9es collect\u00e9es sont utilis\u00e9es pour :\u2714 R\u00e9pondre \u00e0 vos demandes via le formulaire de contact.\u2714 Am\u00e9liorer votre exp\u00e9rience utilisateur sur notre site.\u2714 Assurer le bon fonctionnement et la s\u00e9curit\u00e9 du site. 4. Cookies et technologies de suivi Notre site utilise des cookies pour analyser l\u2019audience et optimiser votre navigation. Vous pouvez modifier vos pr\u00e9f\u00e9rences en mati\u00e8re de cookies dans les param\u00e8tres de votre navigateur. 5. Partage des donn\u00e9es Vos donn\u00e9es ne sont ni vendues, ni \u00e9chang\u00e9es, ni partag\u00e9es avec des tiers, sauf obligation l\u00e9gale ou n\u00e9cessit\u00e9 technique (h\u00e9bergement du site, outils d\u2019analyse). 6. S\u00e9curit\u00e9 des donn\u00e9es Nous mettons en place des mesures de s\u00e9curit\u00e9 adapt\u00e9es pour prot\u00e9ger vos informations contre toute perte, acc\u00e8s non autoris\u00e9 ou modification. 7. Vos droits Conform\u00e9ment au RGPD, vous disposez des droits suivants :\u2714 Acc\u00e8s et rectification : Modifier ou supprimer vos informations personnelles.\u2714 Opposition et limitation : Vous pouvez refuser l\u2019utilisation de certaines donn\u00e9es.\u2714 Portabilit\u00e9 : Demander une copie de vos donn\u00e9es sous format \u00e9lectronique. \ud83d\udce9 Pour exercer ces droits, contactez-nous \u00e0 infos@ancrebleue.fr \u00a0<\/p>\n","protected":false},"author":1,"featured_media":0,"parent":0,"menu_order":0,"comment_status":"closed","ping_status":"closed","template":"","meta":{"site-sidebar-layout":"no-sidebar","site-content-layout":"","ast-site-content-layout":"full-width-container","site-content-style":"default","site-sidebar-style":"default","ast-global-header-display":"","ast-banner-title-visibility":"","ast-main-header-display":"","ast-hfb-above-header-display":"","ast-hfb-below-header-display":"","ast-hfb-mobile-header-display":"","site-post-title":"disabled","ast-breadcrumbs-content":"","ast-featured-img":"disabled","footer-sml-layout":"","theme-transparent-header-meta":"","adv-header-id-meta":"","stick-header-meta":"","header-above-stick-meta":"","header-main-stick-meta":"","header-below-stick-meta":"","astra-migrate-meta-layouts":"default","ast-page-background-enabled":"default","ast-page-background-meta":{"desktop":{"background-color":"var(--ast-global-color-5)","background-image":"","background-repeat":"repeat","background-position":"center center","background-size":"auto","background-attachment":"scroll","background-type":"","background-media":"","overlay-type":"","overlay-color":"","overlay-opacity":"","overlay-gradient":""},"tablet":{"background-color":"","background-image":"","background-repeat":"repeat","background-position":"center center","background-size":"auto","background-attachment":"scroll","background-type":"","background-media":"","overlay-type":"","overlay-color":"","overlay-opacity":"","overlay-gradient":""},"mobile":{"background-color":"","background-image":"","background-repeat":"repeat","background-position":"center center","background-size":"auto","background-attachment":"scroll","background-type":"","background-media":"","overlay-type":"","overlay-color":"","overlay-opacity":"","overlay-gradient":""}},"ast-content-background-meta":{"desktop":{"background-color":"var(--ast-global-color-4)","background-image":"","background-repeat":"repeat","background-position":"center center","background-size":"auto","background-attachment":"scroll","background-type":"","background-media":"","overlay-type":"","overlay-color":"","overlay-opacity":"","overlay-gradient":""},"tablet":{"background-color":"var(--ast-global-color-4)","background-image":"","background-repeat":"repeat","background-position":"center center","background-size":"auto","background-attachment":"scroll","background-type":"","background-media":"","overlay-type":"","overlay-color":"","overlay-opacity":"","overlay-gradient":""},"mobile":{"background-color":"var(--ast-global-color-4)","background-image":"","background-repeat":"repeat","background-position":"center center","background-size":"auto","background-attachment":"scroll","background-type":"","background-media":"","overlay-type":"","overlay-color":"","overlay-opacity":"","overlay-gradient":""}},"footnotes":""},"class_list":["post-232","page","type-page","status-publish","hentry"],"yoast_head":"<!-- This site is optimized with the Yoast SEO plugin v27.4 - https:\/\/yoast.com\/product\/yoast-seo-wordpress\/ -->\n<title>Politique de Confidentialit\u00e9 - L&#039;Ancre Bleue, Hautes Alpes<\/title>\n<meta name=\"robots\" content=\"index, follow, max-snippet:-1, max-image-preview:large, max-video-preview:-1\" \/>\n<link rel=\"canonical\" href=\"https:\/\/ancrebleue.com\/index.php\/politique-de-confidentialite-2\/\" \/>\n<meta property=\"og:locale\" content=\"fr_FR\" \/>\n<meta property=\"og:type\" content=\"article\" \/>\n<meta property=\"og:title\" content=\"Politique de Confidentialit\u00e9 - L&#039;Ancre Bleue, Hautes Alpes\" \/>\n<meta property=\"og:description\" content=\"1. Introduction La pr\u00e9sente politique de confidentialit\u00e9 a pour objectif d\u2019informer les utilisateurs du site https:\/\/ancrebleue.com\/ sur la collecte, l\u2019utilisation et la protection de leurs donn\u00e9es personnelles. En utilisant notre site, vous acceptez les pratiques d\u00e9crites ci-dessous. 2. Donn\u00e9es collect\u00e9es Nous collectons certaines informations lorsque vous utilisez notre site, notamment : Donn\u00e9es fournies volontairement : Nom, pr\u00e9nom, adresse e-mail et num\u00e9ro de t\u00e9l\u00e9phone lorsque vous nous contactez via le formulaire. Donn\u00e9es techniques : Adresse IP, type de navigateur, pages visit\u00e9es et temps de connexion, recueillies via des cookies. 3. Finalit\u00e9 de la collecte des donn\u00e9es Les donn\u00e9es collect\u00e9es sont utilis\u00e9es pour :\u2714 R\u00e9pondre \u00e0 vos demandes via le formulaire de contact.\u2714 Am\u00e9liorer votre exp\u00e9rience utilisateur sur notre site.\u2714 Assurer le bon fonctionnement et la s\u00e9curit\u00e9 du site. 4. Cookies et technologies de suivi Notre site utilise des cookies pour analyser l\u2019audience et optimiser votre navigation. Vous pouvez modifier vos pr\u00e9f\u00e9rences en mati\u00e8re de cookies dans les param\u00e8tres de votre navigateur. 5. Partage des donn\u00e9es Vos donn\u00e9es ne sont ni vendues, ni \u00e9chang\u00e9es, ni partag\u00e9es avec des tiers, sauf obligation l\u00e9gale ou n\u00e9cessit\u00e9 technique (h\u00e9bergement du site, outils d\u2019analyse). 6. S\u00e9curit\u00e9 des donn\u00e9es Nous mettons en place des mesures de s\u00e9curit\u00e9 adapt\u00e9es pour prot\u00e9ger vos informations contre toute perte, acc\u00e8s non autoris\u00e9 ou modification. 7. Vos droits Conform\u00e9ment au RGPD, vous disposez des droits suivants :\u2714 Acc\u00e8s et rectification : Modifier ou supprimer vos informations personnelles.\u2714 Opposition et limitation : Vous pouvez refuser l\u2019utilisation de certaines donn\u00e9es.\u2714 Portabilit\u00e9 : Demander une copie de vos donn\u00e9es sous format \u00e9lectronique. \ud83d\udce9 Pour exercer ces droits, contactez-nous \u00e0 infos@ancrebleue.fr \u00a0\" \/>\n<meta property=\"og:url\" content=\"https:\/\/ancrebleue.com\/index.php\/politique-de-confidentialite-2\/\" \/>\n<meta property=\"og:site_name\" content=\"L&#039;Ancre Bleue, Hautes Alpes\" \/>\n<meta property=\"article:modified_time\" content=\"2025-02-09T10:12:20+00:00\" \/>\n<meta name=\"twitter:card\" content=\"summary_large_image\" \/>\n<meta name=\"twitter:label1\" content=\"Dur\u00e9e de lecture estim\u00e9e\" \/>\n\t<meta name=\"twitter:data1\" content=\"2 minutes\" \/>\n<script type=\"application\/ld+json\" class=\"yoast-schema-graph\">{\"@context\":\"https:\\\/\\\/schema.org\",\"@graph\":[{\"@type\":\"WebPage\",\"@id\":\"https:\\\/\\\/ancrebleue.com\\\/index.php\\\/politique-de-confidentialite-2\\\/\",\"url\":\"https:\\\/\\\/ancrebleue.com\\\/index.php\\\/politique-de-confidentialite-2\\\/\",\"name\":\"Politique de Confidentialit\u00e9 - L&#039;Ancre Bleue, Hautes Alpes\",\"isPartOf\":{\"@id\":\"https:\\\/\\\/ancrebleue.com\\\/#website\"},\"datePublished\":\"2025-02-09T10:11:06+00:00\",\"dateModified\":\"2025-02-09T10:12:20+00:00\",\"breadcrumb\":{\"@id\":\"https:\\\/\\\/ancrebleue.com\\\/index.php\\\/politique-de-confidentialite-2\\\/#breadcrumb\"},\"inLanguage\":\"fr-FR\",\"potentialAction\":[{\"@type\":\"ReadAction\",\"target\":[\"https:\\\/\\\/ancrebleue.com\\\/index.php\\\/politique-de-confidentialite-2\\\/\"]}]},{\"@type\":\"BreadcrumbList\",\"@id\":\"https:\\\/\\\/ancrebleue.com\\\/index.php\\\/politique-de-confidentialite-2\\\/#breadcrumb\",\"itemListElement\":[{\"@type\":\"ListItem\",\"position\":1,\"name\":\"Accueil\",\"item\":\"https:\\\/\\\/ancrebleue.com\\\/\"},{\"@type\":\"ListItem\",\"position\":2,\"name\":\"Politique de Confidentialit\u00e9\"}]},{\"@type\":\"WebSite\",\"@id\":\"https:\\\/\\\/ancrebleue.com\\\/#website\",\"url\":\"https:\\\/\\\/ancrebleue.com\\\/\",\"name\":\"L&#039;Ancre Bleue, Hautes Alpes\",\"description\":\"Wakeboard, Paddle, Bou\u00e9e et Kayak Hautes Alpes\",\"publisher\":{\"@id\":\"https:\\\/\\\/ancrebleue.com\\\/#organization\"},\"potentialAction\":[{\"@type\":\"SearchAction\",\"target\":{\"@type\":\"EntryPoint\",\"urlTemplate\":\"https:\\\/\\\/ancrebleue.com\\\/?s={search_term_string}\"},\"query-input\":{\"@type\":\"PropertyValueSpecification\",\"valueRequired\":true,\"valueName\":\"search_term_string\"}}],\"inLanguage\":\"fr-FR\"},{\"@type\":\"Organization\",\"@id\":\"https:\\\/\\\/ancrebleue.com\\\/#organization\",\"name\":\"L&#039;Ancre Bleue, Hautes Alpes\",\"url\":\"https:\\\/\\\/ancrebleue.com\\\/\",\"logo\":{\"@type\":\"ImageObject\",\"inLanguage\":\"fr-FR\",\"@id\":\"https:\\\/\\\/ancrebleue.com\\\/#\\\/schema\\\/logo\\\/image\\\/\",\"url\":\"https:\\\/\\\/ancrebleue.com\\\/wp-content\\\/uploads\\\/2025\\\/02\\\/Logo_Ancre_Bleue-copy.jpg\",\"contentUrl\":\"https:\\\/\\\/ancrebleue.com\\\/wp-content\\\/uploads\\\/2025\\\/02\\\/Logo_Ancre_Bleue-copy.jpg\",\"width\":442,\"height\":442,\"caption\":\"L&#039;Ancre Bleue, Hautes Alpes\"},\"image\":{\"@id\":\"https:\\\/\\\/ancrebleue.com\\\/#\\\/schema\\\/logo\\\/image\\\/\"}}]}<\/script>\n<!-- \/ Yoast SEO plugin. -->","yoast_head_json":{"title":"Politique de Confidentialit\u00e9 - L&#039;Ancre Bleue, Hautes Alpes","robots":{"index":"index","follow":"follow","max-snippet":"max-snippet:-1","max-image-preview":"max-image-preview:large","max-video-preview":"max-video-preview:-1"},"canonical":"https:\/\/ancrebleue.com\/index.php\/politique-de-confidentialite-2\/","og_locale":"fr_FR","og_type":"article","og_title":"Politique de Confidentialit\u00e9 - L&#039;Ancre Bleue, Hautes Alpes","og_description":"1. Introduction La pr\u00e9sente politique de confidentialit\u00e9 a pour objectif d\u2019informer les utilisateurs du site https:\/\/ancrebleue.com\/ sur la collecte, l\u2019utilisation et la protection de leurs donn\u00e9es personnelles. En utilisant notre site, vous acceptez les pratiques d\u00e9crites ci-dessous. 2. Donn\u00e9es collect\u00e9es Nous collectons certaines informations lorsque vous utilisez notre site, notamment : Donn\u00e9es fournies volontairement : Nom, pr\u00e9nom, adresse e-mail et num\u00e9ro de t\u00e9l\u00e9phone lorsque vous nous contactez via le formulaire. Donn\u00e9es techniques : Adresse IP, type de navigateur, pages visit\u00e9es et temps de connexion, recueillies via des cookies. 3. Finalit\u00e9 de la collecte des donn\u00e9es Les donn\u00e9es collect\u00e9es sont utilis\u00e9es pour :\u2714 R\u00e9pondre \u00e0 vos demandes via le formulaire de contact.\u2714 Am\u00e9liorer votre exp\u00e9rience utilisateur sur notre site.\u2714 Assurer le bon fonctionnement et la s\u00e9curit\u00e9 du site. 4. Cookies et technologies de suivi Notre site utilise des cookies pour analyser l\u2019audience et optimiser votre navigation. Vous pouvez modifier vos pr\u00e9f\u00e9rences en mati\u00e8re de cookies dans les param\u00e8tres de votre navigateur. 5. Partage des donn\u00e9es Vos donn\u00e9es ne sont ni vendues, ni \u00e9chang\u00e9es, ni partag\u00e9es avec des tiers, sauf obligation l\u00e9gale ou n\u00e9cessit\u00e9 technique (h\u00e9bergement du site, outils d\u2019analyse). 6. S\u00e9curit\u00e9 des donn\u00e9es Nous mettons en place des mesures de s\u00e9curit\u00e9 adapt\u00e9es pour prot\u00e9ger vos informations contre toute perte, acc\u00e8s non autoris\u00e9 ou modification. 7. Vos droits Conform\u00e9ment au RGPD, vous disposez des droits suivants :\u2714 Acc\u00e8s et rectification : Modifier ou supprimer vos informations personnelles.\u2714 Opposition et limitation : Vous pouvez refuser l\u2019utilisation de certaines donn\u00e9es.\u2714 Portabilit\u00e9 : Demander une copie de vos donn\u00e9es sous format \u00e9lectronique. \ud83d\udce9 Pour exercer ces droits, contactez-nous \u00e0 infos@ancrebleue.fr \u00a0","og_url":"https:\/\/ancrebleue.com\/index.php\/politique-de-confidentialite-2\/","og_site_name":"L&#039;Ancre Bleue, Hautes Alpes","article_modified_time":"2025-02-09T10:12:20+00:00","twitter_card":"summary_large_image","twitter_misc":{"Dur\u00e9e de lecture estim\u00e9e":"2 minutes"},"schema":{"@context":"https:\/\/schema.org","@graph":[{"@type":"WebPage","@id":"https:\/\/ancrebleue.com\/index.php\/politique-de-confidentialite-2\/","url":"https:\/\/ancrebleue.com\/index.php\/politique-de-confidentialite-2\/","name":"Politique de Confidentialit\u00e9 - L&#039;Ancre Bleue, Hautes Alpes","isPartOf":{"@id":"https:\/\/ancrebleue.com\/#website"},"datePublished":"2025-02-09T10:11:06+00:00","dateModified":"2025-02-09T10:12:20+00:00","breadcrumb":{"@id":"https:\/\/ancrebleue.com\/index.php\/politique-de-confidentialite-2\/#breadcrumb"},"inLanguage":"fr-FR","potentialAction":[{"@type":"ReadAction","target":["https:\/\/ancrebleue.com\/index.php\/politique-de-confidentialite-2\/"]}]},{"@type":"BreadcrumbList","@id":"https:\/\/ancrebleue.com\/index.php\/politique-de-confidentialite-2\/#breadcrumb","itemListElement":[{"@type":"ListItem","position":1,"name":"Accueil","item":"https:\/\/ancrebleue.com\/"},{"@type":"ListItem","position":2,"name":"Politique de Confidentialit\u00e9"}]},{"@type":"WebSite","@id":"https:\/\/ancrebleue.com\/#website","url":"https:\/\/ancrebleue.com\/","name":"L&#039;Ancre Bleue, Hautes Alpes","description":"Wakeboard, Paddle, Bou\u00e9e et Kayak Hautes Alpes","publisher":{"@id":"https:\/\/ancrebleue.com\/#organization"},"potentialAction":[{"@type":"SearchAction","target":{"@type":"EntryPoint","urlTemplate":"https:\/\/ancrebleue.com\/?s={search_term_string}"},"query-input":{"@type":"PropertyValueSpecification","valueRequired":true,"valueName":"search_term_string"}}],"inLanguage":"fr-FR"},{"@type":"Organization","@id":"https:\/\/ancrebleue.com\/#organization","name":"L&#039;Ancre Bleue, Hautes Alpes","url":"https:\/\/ancrebleue.com\/","logo":{"@type":"ImageObject","inLanguage":"fr-FR","@id":"https:\/\/ancrebleue.com\/#\/schema\/logo\/image\/","url":"https:\/\/ancrebleue.com\/wp-content\/uploads\/2025\/02\/Logo_Ancre_Bleue-copy.jpg","contentUrl":"https:\/\/ancrebleue.com\/wp-content\/uploads\/2025\/02\/Logo_Ancre_Bleue-copy.jpg","width":442,"height":442,"caption":"L&#039;Ancre Bleue, Hautes Alpes"},"image":{"@id":"https:\/\/ancrebleue.com\/#\/schema\/logo\/image\/"}}]}},"_links":{"self":[{"href":"https:\/\/ancrebleue.com\/index.php\/wp-json\/wp\/v2\/pages\/232","targetHints":{"allow":["GET"]}}],"collection":[{"href":"https:\/\/ancrebleue.com\/index.php\/wp-json\/wp\/v2\/pages"}],"about":[{"href":"https:\/\/ancrebleue.com\/index.php\/wp-json\/wp\/v2\/types\/page"}],"author":[{"embeddable":true,"href":"https:\/\/ancrebleue.com\/index.php\/wp-json\/wp\/v2\/users\/1"}],"replies":[{"embeddable":true,"href":"https:\/\/ancrebleue.com\/index.php\/wp-json\/wp\/v2\/comments?post=232"}],"version-history":[{"count":7,"href":"https:\/\/ancrebleue.com\/index.php\/wp-json\/wp\/v2\/pages\/232\/revisions"}],"predecessor-version":[{"id":239,"href":"https:\/\/ancrebleue.com\/index.php\/wp-json\/wp\/v2\/pages\/232\/revisions\/239"}],"wp:attachment":[{"href":"https:\/\/ancrebleue.com\/index.php\/wp-json\/wp\/v2\/media?parent=232"}],"curies":[{"name":"wp","href":"https:\/\/api.w.org\/{rel}","templated":true}]}}